{"id":71,"date":"2024-02-13T11:37:39","date_gmt":"2024-02-13T10:37:39","guid":{"rendered":"https:\/\/nelixirgroup.com\/?page_id=71"},"modified":"2024-10-03T14:10:17","modified_gmt":"2024-10-03T12:10:17","slug":"a-propos","status":"publish","type":"page","link":"https:\/\/nelixirgroup.com\/index.php\/a-propos\/","title":{"rendered":"A propos"},"content":{"rendered":"\t\t<div data-elementor-type=\"wp-page\" data-elementor-id=\"71\" class=\"elementor elementor-71\">\n\t\t\t\t<div class=\"elementor-element elementor-element-6ec2123 e-flex e-con-boxed e-con e-parent\" data-id=\"6ec2123\" data-element_type=\"container\" data-e-type=\"container\">\n\t\t\t\t\t<div class=\"e-con-inner\">\n\t\t<div class=\"elementor-element elementor-element-617a75f e-con-full e-flex e-con e-child\" data-id=\"617a75f\" data-element_type=\"container\" data-e-type=\"container\">\n\t\t\t\t<div class=\"elementor-element elementor-element-854829b elementor-widget elementor-widget-heading\" data-id=\"854829b\" data-element_type=\"widget\" data-e-type=\"widget\" data-widget_type=\"heading.default\">\n\t\t\t\t<div class=\"elementor-widget-container\">\n\t\t\t\t\t<h2 class=\"elementor-heading-title elementor-size-default\">Qui sommes nous ?<\/h2>\t\t\t\t<\/div>\n\t\t\t\t<\/div>\n\t\t\t\t<div class=\"elementor-element elementor-element-ada73b8 elementor-widget elementor-widget-text-editor\" data-id=\"ada73b8\" data-element_type=\"widget\" data-e-type=\"widget\" data-widget_type=\"text-editor.default\">\n\t\t\t\t<div class=\"elementor-widget-container\">\n\t\t\t\t\t\t\t\t\t<p style=\"text-align: left;\">Bienvenue sur notre site de th\u00e9s et de boissons africains !\u00a0<\/p><p style=\"text-align: left;\">Chez nous, nous c\u00e9l\u00e9brons la richesse et la diversit\u00e9 des saveurs africaines \u00e0 travers une s\u00e9lection authentique de th\u00e9s et de boissons uniques. Chaque gorg\u00e9e est une invitation \u00e0 d\u00e9couvrir les traditions et les cultures vibrantes de l&rsquo;Afrique. Que tu sois un amateur de th\u00e9 passionn\u00e9 ou simplement curieux de go\u00fbter de nouvelles saveurs exotiques, notre site est l&rsquo;endroit id\u00e9al pour satisfaire ta soif d&rsquo;aventure gustative. Rejoins-nous et laisse-toi envo\u00fbter par les ar\u00f4mes envo\u00fbtants et les bienfaits revigorants de nos th\u00e9s et boissons africaines.\u00a0<\/p><p style=\"text-align: left;\">Pr\u00eat \u00e0 embarquer pour un voyage sensoriel inoubliable ?<\/p>\t\t\t\t\t\t\t\t<\/div>\n\t\t\t\t<\/div>\n\t\t\t\t<\/div>\n\t\t<div class=\"elementor-element elementor-element-340b107 e-con-full e-flex e-con e-child\" data-id=\"340b107\" data-element_type=\"container\" data-e-type=\"container\">\n\t\t\t\t<div class=\"elementor-element elementor-element-7d48281 elementor-widget elementor-widget-image\" data-id=\"7d48281\" data-element_type=\"widget\" data-e-type=\"widget\" data-widget_type=\"image.default\">\n\t\t\t\t<div class=\"elementor-widget-container\">\n\t\t\t\t\t\t\t\t\t\t\t\t\t\t\t<img fetchpriority=\"high\" decoding=\"async\" width=\"512\" height=\"508\" src=\"https:\/\/nelixirgroup.com\/wp-content\/uploads\/2024\/01\/cropped-cropped-NElixier-logo.png\" class=\"attachment-large size-large wp-image-87\" alt=\"nelixir ; th\u00e9 et infusion a base de produit naturel\" srcset=\"https:\/\/nelixirgroup.com\/wp-content\/uploads\/2024\/01\/cropped-cropped-NElixier-logo.png 512w, https:\/\/nelixirgroup.com\/wp-content\/uploads\/2024\/01\/cropped-cropped-NElixier-logo-100x100.png 100w, https:\/\/nelixirgroup.com\/wp-content\/uploads\/2024\/01\/cropped-cropped-NElixier-logo-300x298.png 300w, https:\/\/nelixirgroup.com\/wp-content\/uploads\/2024\/01\/cropped-cropped-NElixier-logo-150x150.png 150w, https:\/\/nelixirgroup.com\/wp-content\/uploads\/2024\/01\/cropped-cropped-NElixier-logo-416x413.png 416w\" sizes=\"100vw\" \/>\t\t\t\t\t\t\t\t\t\t\t\t\t\t\t<\/div>\n\t\t\t\t<\/div>\n\t\t\t\t<\/div>\n\t\t\t\t\t<\/div>\n\t\t\t\t<\/div>\n\t\t<div class=\"elementor-element elementor-element-5a65bf4 e-flex e-con-boxed e-con e-parent\" data-id=\"5a65bf4\" data-element_type=\"container\" data-e-type=\"container\">\n\t\t\t\t\t<div class=\"e-con-inner\">\n\t\t<div class=\"elementor-element elementor-element-e5d47d4 e-con-full e-flex e-con e-child\" data-id=\"e5d47d4\" data-element_type=\"container\" data-e-type=\"container\">\n\t\t\t\t<div class=\"elementor-element elementor-element-3462f64 elementor-widget elementor-widget-image\" data-id=\"3462f64\" data-element_type=\"widget\" data-e-type=\"widget\" data-widget_type=\"image.default\">\n\t\t\t\t<div class=\"elementor-widget-container\">\n\t\t\t\t\t\t\t\t\t\t\t\t\t\t\t<img decoding=\"async\" width=\"797\" height=\"735\" src=\"https:\/\/nelixirgroup.com\/wp-content\/uploads\/2024\/02\/nja.png\" class=\"attachment-large size-large wp-image-188\" alt=\"\" srcset=\"https:\/\/nelixirgroup.com\/wp-content\/uploads\/2024\/02\/nja.png 797w, https:\/\/nelixirgroup.com\/wp-content\/uploads\/2024\/02\/nja-600x553.png 600w, https:\/\/nelixirgroup.com\/wp-content\/uploads\/2024\/02\/nja-300x277.png 300w, https:\/\/nelixirgroup.com\/wp-content\/uploads\/2024\/02\/nja-768x708.png 768w\" sizes=\"100vw\" \/>\t\t\t\t\t\t\t\t\t\t\t\t\t\t\t<\/div>\n\t\t\t\t<\/div>\n\t\t\t\t<div class=\"elementor-element elementor-element-b974edd elementor-widget elementor-widget-text-editor\" data-id=\"b974edd\" data-element_type=\"widget\" data-e-type=\"widget\" data-widget_type=\"text-editor.default\">\n\t\t\t\t<div class=\"elementor-widget-container\">\n\t\t\t\t\t\t\t\t\t<p style=\"text-align: center;\">Nancy Joe-Adams<\/p>\t\t\t\t\t\t\t\t<\/div>\n\t\t\t\t<\/div>\n\t\t\t\t<\/div>\n\t\t<div class=\"elementor-element elementor-element-d0ff36d e-con-full e-flex e-con e-child\" data-id=\"d0ff36d\" data-element_type=\"container\" data-e-type=\"container\">\n\t\t\t\t<div class=\"elementor-element elementor-element-9207d64 elementor-widget elementor-widget-heading\" data-id=\"9207d64\" data-element_type=\"widget\" data-e-type=\"widget\" data-widget_type=\"heading.default\">\n\t\t\t\t<div class=\"elementor-widget-container\">\n\t\t\t\t\t<h2 class=\"elementor-heading-title elementor-size-default\">La fondatrice de Nelixir <\/h2>\t\t\t\t<\/div>\n\t\t\t\t<\/div>\n\t\t\t\t<div class=\"elementor-element elementor-element-31a15f3 elementor-widget elementor-widget-text-editor\" data-id=\"31a15f3\" data-element_type=\"widget\" data-e-type=\"widget\" data-widget_type=\"text-editor.default\">\n\t\t\t\t<div class=\"elementor-widget-container\">\n\t\t\t\t\t\t\t\t\t<p>D\u00e8s sa plus tendre enfance, la maman de Nancy, Ama Julie, a tenu \u00e0 lui transmettre les traditions, la culture et les valeurs ghan\u00e9ennes.<\/p><p>Elle r\u00e9alise que la gastronomie africaine est pleine de richesse et que les aliments utilis\u00e9s sont naturellement remplis de bienfaits nutritifs.<\/p><p>C\u2019est avec une volont\u00e9 profonde de pouvoir transmettre ce que lui a transmis sa m\u00e8re, et son amour du Ghana, que Nancy s\u2019est lanc\u00e9e dans l\u2019aventure NELIXIR.\u00a0 \u00a0 \u00a0 \u00a0 \u00a0<\/p><p><strong>\u00a0\u00ab Les bienfaits sans les exc\u00e8s \u00bb<\/strong><br \/>C\u2019est la vision de NELIXIR. Il est possible de consommer africain en se d\u00e9lectant les papilles tout en apportant de bons composants \u00e0 notre corps. Oui, c\u2019est possible. <br \/>Et c&rsquo;est la mission de NELIXIR.<\/p>\t\t\t\t\t\t\t\t<\/div>\n\t\t\t\t<\/div>\n\t\t\t\t<\/div>\n\t\t\t\t\t<\/div>\n\t\t\t\t<\/div>\n\t\t<div class=\"elementor-element elementor-element-887c752 e-flex e-con-boxed e-con e-parent\" data-id=\"887c752\" data-element_type=\"container\" data-e-type=\"container\">\n\t\t\t\t\t<div class=\"e-con-inner\">\n\t\t\t\t<div class=\"elementor-element elementor-element-37b0989 elementor-widget elementor-widget-spacer\" data-id=\"37b0989\" data-element_type=\"widget\" data-e-type=\"widget\" data-widget_type=\"spacer.default\">\n\t\t\t\t<div class=\"elementor-widget-container\">\n\t\t\t\t\t\t\t<div class=\"elementor-spacer\">\n\t\t\t<div class=\"elementor-spacer-inner\"><\/div>\n\t\t<\/div>\n\t\t\t\t\t\t<\/div>\n\t\t\t\t<\/div>\n\t\t\t\t\t<\/div>\n\t\t\t\t<\/div>\n\t\t\t\t<\/div>\n\t\t","protected":false},"excerpt":{"rendered":"<p>Qui sommes nous ? Bienvenue sur notre site de th\u00e9s et de boissons africains !\u00a0 Chez nous, nous c\u00e9l\u00e9brons la richesse et la diversit\u00e9 des saveurs africaines \u00e0 travers une s\u00e9lection authentique de th\u00e9s et de boissons uniques. Chaque gorg\u00e9e est une invitation \u00e0 d\u00e9couvrir les traditions et les cultures vibrantes de l&rsquo;Afrique. Que tu &hellip; <\/p>\n<p class=\"link-more\"><a href=\"https:\/\/nelixirgroup.com\/index.php\/a-propos\/\" class=\"more-link\">Lire la suite de<span class=\"screen-reader-text\">\u00ab\u00a0A propos\u00a0\u00bb<\/span><\/a><\/p>\n","protected":false},"author":1,"featured_media":0,"parent":0,"menu_order":0,"comment_status":"closed","ping_status":"closed","template":"","meta":{"footnotes":""},"class_list":["post-71","page","type-page","status-publish","hentry"],"aioseo_notices":[],"jetpack_sharing_enabled":true,"_links":{"self":[{"href":"https:\/\/nelixirgroup.com\/index.php\/wp-json\/wp\/v2\/pages\/71"}],"collection":[{"href":"https:\/\/nelixirgroup.com\/index.php\/wp-json\/wp\/v2\/pages"}],"about":[{"href":"https:\/\/nelixirgroup.com\/index.php\/wp-json\/wp\/v2\/types\/page"}],"author":[{"embeddable":true,"href":"https:\/\/nelixirgroup.com\/index.php\/wp-json\/wp\/v2\/users\/1"}],"replies":[{"embeddable":true,"href":"https:\/\/nelixirgroup.com\/index.php\/wp-json\/wp\/v2\/comments?post=71"}],"version-history":[{"count":33,"href":"https:\/\/nelixirgroup.com\/index.php\/wp-json\/wp\/v2\/pages\/71\/revisions"}],"predecessor-version":[{"id":1277,"href":"https:\/\/nelixirgroup.com\/index.php\/wp-json\/wp\/v2\/pages\/71\/revisions\/1277"}],"wp:attachment":[{"href":"https:\/\/nelixirgroup.com\/index.php\/wp-json\/wp\/v2\/media?parent=71"}],"curies":[{"name":"wp","href":"https:\/\/api.w.org\/{rel}","templated":true}]}}