{"id":77,"date":"2024-02-13T11:41:55","date_gmt":"2024-02-13T10:41:55","guid":{"rendered":"https:\/\/nelixirgroup.com\/?page_id=77"},"modified":"2024-09-30T23:49:01","modified_gmt":"2024-09-30T21:49:01","slug":"boxes-diy","status":"publish","type":"page","link":"https:\/\/nelixirgroup.com\/index.php\/boxes-diy\/","title":{"rendered":"Boxes DIY"},"content":{"rendered":"\t\t<div data-elementor-type=\"wp-page\" data-elementor-id=\"77\" class=\"elementor elementor-77\">\n\t\t\t\t<div class=\"elementor-element elementor-element-a9a29cc e-flex e-con-boxed e-con e-parent\" data-id=\"a9a29cc\" data-element_type=\"container\" data-e-type=\"container\">\n\t\t\t\t\t<div class=\"e-con-inner\">\n\t\t\t\t<div class=\"elementor-element elementor-element-f8c2d69 elementor-widget elementor-widget-heading\" data-id=\"f8c2d69\" data-element_type=\"widget\" data-e-type=\"widget\" data-widget_type=\"heading.default\">\n\t\t\t\t<div class=\"elementor-widget-container\">\n\t\t\t\t\t<h2 class=\"elementor-heading-title elementor-size-default\">LES BOX DIY<\/h2>\t\t\t\t<\/div>\n\t\t\t\t<\/div>\n\t\t\t\t\t<\/div>\n\t\t\t\t<\/div>\n\t\t<div class=\"elementor-element elementor-element-8cc0853 e-flex e-con-boxed e-con e-parent\" data-id=\"8cc0853\" data-element_type=\"container\" data-e-type=\"container\">\n\t\t\t\t\t<div class=\"e-con-inner\">\n\t\t<div class=\"elementor-element elementor-element-f52b00d e-con-full e-flex e-con e-child\" data-id=\"f52b00d\" data-element_type=\"container\" data-e-type=\"container\">\n\t\t\t\t<div class=\"elementor-element elementor-element-58ece3e elementor-widget elementor-widget-image\" data-id=\"58ece3e\" data-element_type=\"widget\" data-e-type=\"widget\" data-widget_type=\"image.default\">\n\t\t\t\t<div class=\"elementor-widget-container\">\n\t\t\t\t\t\t\t\t\t\t\t\t\t\t\t<img decoding=\"async\" src=\"https:\/\/nelixirgroup.com\/wp-content\/uploads\/2024\/02\/elementor\/thumbs\/box-hibiscus-qjp7hz7aoqbxlg4m5671oibngyeqkqiaiiaq5dvwr8.jpg\" title=\"box hibiscus\" alt=\"box hibiscus\" loading=\"lazy\" \/>\t\t\t\t\t\t\t\t\t\t\t\t\t\t\t<\/div>\n\t\t\t\t<\/div>\n\t\t\t\t<div class=\"elementor-element elementor-element-c7756f7 elementor-widget elementor-widget-heading\" data-id=\"c7756f7\" data-element_type=\"widget\" data-e-type=\"widget\" data-widget_type=\"heading.default\">\n\t\t\t\t<div class=\"elementor-widget-container\">\n\t\t\t\t\t<h2 class=\"elementor-heading-title elementor-size-default\">Box Bissap<\/h2>\t\t\t\t<\/div>\n\t\t\t\t<\/div>\n\t\t\t\t<div class=\"elementor-element elementor-element-d9c1455 elementor-widget elementor-widget-text-editor\" data-id=\"d9c1455\" data-element_type=\"widget\" data-e-type=\"widget\" data-widget_type=\"text-editor.default\">\n\t\t\t\t<div class=\"elementor-widget-container\">\n\t\t\t\t\t\t\t\t\t<p>D\u00e9couvrez ou faites d\u00e9couvrir \u00e0 vos proches comment r\u00e9aliser cette boisson savoureuse, d\u00e9licieuse et embl\u00e9matique de Afrique de l\u2019Ouest.<\/p><p>Une exp\u00e9rience ludique, unique et enrichissante \u00e0 partager.<\/p>\t\t\t\t\t\t\t\t<\/div>\n\t\t\t\t<\/div>\n\t\t\t\t<div class=\"elementor-element elementor-element-77e85b5 elementor-widget elementor-widget-button\" data-id=\"77e85b5\" data-element_type=\"widget\" data-e-type=\"widget\" data-widget_type=\"button.default\">\n\t\t\t\t<div class=\"elementor-widget-container\">\n\t\t\t\t\t\t\t\t\t<div class=\"elementor-button-wrapper\">\n\t\t\t\t\t<a class=\"elementor-button elementor-button-link elementor-size-sm\" href=\"https:\/\/nelixirgroup.com\/index.php\/product\/hibiscus\/\">\n\t\t\t\t\t\t<span class=\"elementor-button-content-wrapper\">\n\t\t\t\t\t\t\t\t\t<span class=\"elementor-button-text\">Ajouter au panier <\/span>\n\t\t\t\t\t<\/span>\n\t\t\t\t\t<\/a>\n\t\t\t\t<\/div>\n\t\t\t\t\t\t\t\t<\/div>\n\t\t\t\t<\/div>\n\t\t\t\t<\/div>\n\t\t<div class=\"elementor-element elementor-element-3b5c488 e-con-full e-flex e-con e-child\" data-id=\"3b5c488\" data-element_type=\"container\" data-e-type=\"container\">\n\t\t\t\t<div class=\"elementor-element elementor-element-4add925 elementor-widget elementor-widget-image\" data-id=\"4add925\" data-element_type=\"widget\" data-e-type=\"widget\" data-widget_type=\"image.default\">\n\t\t\t\t<div class=\"elementor-widget-container\">\n\t\t\t\t\t\t\t\t\t\t\t\t\t\t\t<img decoding=\"async\" src=\"https:\/\/nelixirgroup.com\/wp-content\/uploads\/2024\/02\/ginger-ale.jpg\" title=\"ginger ale\" alt=\"ginger ale\" loading=\"lazy\" \/>\t\t\t\t\t\t\t\t\t\t\t\t\t\t\t<\/div>\n\t\t\t\t<\/div>\n\t\t\t\t<div class=\"elementor-element elementor-element-71e5b22 elementor-widget elementor-widget-heading\" data-id=\"71e5b22\" data-element_type=\"widget\" data-e-type=\"widget\" data-widget_type=\"heading.default\">\n\t\t\t\t<div class=\"elementor-widget-container\">\n\t\t\t\t\t<h2 class=\"elementor-heading-title elementor-size-default\">Box Ginger<\/h2>\t\t\t\t<\/div>\n\t\t\t\t<\/div>\n\t\t\t\t<div class=\"elementor-element elementor-element-8f4650e elementor-widget elementor-widget-text-editor\" data-id=\"8f4650e\" data-element_type=\"widget\" data-e-type=\"widget\" data-widget_type=\"text-editor.default\">\n\t\t\t\t<div class=\"elementor-widget-container\">\n\t\t\t\t\t\t\t\t\t<p>Ginger Ale ou ginger beer, surprenez vos convives gr\u00e2ce \u00e0 cette boisson d\u2019origine jama\u00efcaine, r\u00e9alis\u00e9e par vos soins.<\/p><p>Une exp\u00e9rience ludique, unique et enrichissante \u00e0 partager.<\/p>\t\t\t\t\t\t\t\t<\/div>\n\t\t\t\t<\/div>\n\t\t\t\t<div class=\"elementor-element elementor-element-8603242 elementor-widget elementor-widget-button\" data-id=\"8603242\" data-element_type=\"widget\" data-e-type=\"widget\" data-widget_type=\"button.default\">\n\t\t\t\t<div class=\"elementor-widget-container\">\n\t\t\t\t\t\t\t\t\t<div class=\"elementor-button-wrapper\">\n\t\t\t\t\t<a class=\"elementor-button elementor-button-link elementor-size-sm\" href=\"https:\/\/nelixirgroup.com\/index.php\/product\/box-ginger\/\">\n\t\t\t\t\t\t<span class=\"elementor-button-content-wrapper\">\n\t\t\t\t\t\t\t\t\t<span class=\"elementor-button-text\">Ajouter au panier<\/span>\n\t\t\t\t\t<\/span>\n\t\t\t\t\t<\/a>\n\t\t\t\t<\/div>\n\t\t\t\t\t\t\t\t<\/div>\n\t\t\t\t<\/div>\n\t\t\t\t<\/div>\n\t\t\t\t\t<\/div>\n\t\t\t\t<\/div>\n\t\t\t\t<\/div>\n\t\t","protected":false},"excerpt":{"rendered":"<p>LES BOX DIY Box Bissap D\u00e9couvrez ou faites d\u00e9couvrir \u00e0 vos proches comment r\u00e9aliser cette boisson savoureuse, d\u00e9licieuse et embl\u00e9matique de Afrique de l\u2019Ouest. Une exp\u00e9rience ludique, unique et enrichissante \u00e0 partager. Ajouter au panier Box Ginger Ginger Ale ou ginger beer, surprenez vos convives gr\u00e2ce \u00e0 cette boisson d\u2019origine jama\u00efcaine, r\u00e9alis\u00e9e par vos soins. &hellip; <\/p>\n<p class=\"link-more\"><a href=\"https:\/\/nelixirgroup.com\/index.php\/boxes-diy\/\" class=\"more-link\">Lire la suite de<span class=\"screen-reader-text\">\u00ab\u00a0Boxes DIY\u00a0\u00bb<\/span><\/a><\/p>\n","protected":false},"author":1,"featured_media":0,"parent":0,"menu_order":0,"comment_status":"closed","ping_status":"closed","template":"","meta":{"footnotes":""},"class_list":["post-77","page","type-page","status-publish","hentry"],"aioseo_notices":[],"jetpack_sharing_enabled":true,"_links":{"self":[{"href":"https:\/\/nelixirgroup.com\/index.php\/wp-json\/wp\/v2\/pages\/77"}],"collection":[{"href":"https:\/\/nelixirgroup.com\/index.php\/wp-json\/wp\/v2\/pages"}],"about":[{"href":"https:\/\/nelixirgroup.com\/index.php\/wp-json\/wp\/v2\/types\/page"}],"author":[{"embeddable":true,"href":"https:\/\/nelixirgroup.com\/index.php\/wp-json\/wp\/v2\/users\/1"}],"replies":[{"embeddable":true,"href":"https:\/\/nelixirgroup.com\/index.php\/wp-json\/wp\/v2\/comments?post=77"}],"version-history":[{"count":65,"href":"https:\/\/nelixirgroup.com\/index.php\/wp-json\/wp\/v2\/pages\/77\/revisions"}],"predecessor-version":[{"id":1028,"href":"https:\/\/nelixirgroup.com\/index.php\/wp-json\/wp\/v2\/pages\/77\/revisions\/1028"}],"wp:attachment":[{"href":"https:\/\/nelixirgroup.com\/index.php\/wp-json\/wp\/v2\/media?parent=77"}],"curies":[{"name":"wp","href":"https:\/\/api.w.org\/{rel}","templated":true}]}}