{"id":83,"date":"2024-02-13T11:47:34","date_gmt":"2024-02-13T10:47:34","guid":{"rendered":"https:\/\/nelixirgroup.com\/?page_id=83"},"modified":"2025-01-10T00:32:20","modified_gmt":"2025-01-09T23:32:20","slug":"contact","status":"publish","type":"page","link":"https:\/\/nelixirgroup.com\/index.php\/contact\/","title":{"rendered":"Contact"},"content":{"rendered":"\t\t<div data-elementor-type=\"wp-page\" data-elementor-id=\"83\" class=\"elementor elementor-83\">\n\t\t\t\t<div class=\"elementor-element elementor-element-b788be3 e-flex e-con-boxed e-con e-parent\" data-id=\"b788be3\" data-element_type=\"container\" data-e-type=\"container\">\n\t\t\t\t\t<div class=\"e-con-inner\">\n\t\t<div class=\"elementor-element elementor-element-c257793 e-con-full e-flex e-con e-child\" data-id=\"c257793\" data-element_type=\"container\" data-e-type=\"container\" data-settings=\"{&quot;background_background&quot;:&quot;slideshow&quot;,&quot;background_slideshow_gallery&quot;:[{&quot;id&quot;:46,&quot;url&quot;:&quot;http:\\\/\\\/nelixirgroup.com\\\/wp-content\\\/uploads\\\/2024\\\/02\\\/18588994-BCD1-4E7C-8112-C76C32ECE376.png&quot;}],&quot;background_slideshow_loop&quot;:&quot;yes&quot;,&quot;background_slideshow_slide_duration&quot;:5000,&quot;background_slideshow_slide_transition&quot;:&quot;fade&quot;,&quot;background_slideshow_transition_duration&quot;:500}\">\n\t\t\t\t<\/div>\n\t\t<div class=\"elementor-element elementor-element-e816892 e-con-full e-flex e-con e-child\" data-id=\"e816892\" data-element_type=\"container\" data-e-type=\"container\">\n\t\t\t\t<div class=\"elementor-element elementor-element-0445683 elementor-widget elementor-widget-heading\" data-id=\"0445683\" data-element_type=\"widget\" data-e-type=\"widget\" data-widget_type=\"heading.default\">\n\t\t\t\t<div class=\"elementor-widget-container\">\n\t\t\t\t\t<h2 class=\"elementor-heading-title elementor-size-default\">Besoin d'aide ?<\/h2>\t\t\t\t<\/div>\n\t\t\t\t<\/div>\n\t\t\t\t<div class=\"elementor-element elementor-element-6b307f8 elementor-widget elementor-widget-text-editor\" data-id=\"6b307f8\" data-element_type=\"widget\" data-e-type=\"widget\" data-widget_type=\"text-editor.default\">\n\t\t\t\t<div class=\"elementor-widget-container\">\n\t\t\t\t\t\t\t\t\t<p>Afin de b\u00e9n\u00e9ficier d&rsquo;une r\u00e9ponse sur-mesure, merci de renseigner les informations suivantes :\u00a0<\/p>\t\t\t\t\t\t\t\t<\/div>\n\t\t\t\t<\/div>\n\t\t\t\t<div class=\"elementor-element elementor-element-9543f6b elementor-widget__width-initial elementor-widget elementor-widget-shortcode\" data-id=\"9543f6b\" data-element_type=\"widget\" data-e-type=\"widget\" data-widget_type=\"shortcode.default\">\n\t\t\t\t<div class=\"elementor-widget-container\">\n\t\t\t\t\t\t\t<div class=\"elementor-shortcode\">[wpforms id=\"106\"]<\/div>\n\t\t\t\t\t\t<\/div>\n\t\t\t\t<\/div>\n\t\t\t\t<\/div>\n\t\t\t\t\t<\/div>\n\t\t\t\t<\/div>\n\t\t<div class=\"elementor-element elementor-element-c88df22 e-flex e-con-boxed e-con e-parent\" data-id=\"c88df22\" data-element_type=\"container\" data-e-type=\"container\">\n\t\t\t\t\t<div class=\"e-con-inner\">\n\t\t\t\t<div class=\"elementor-element elementor-element-088dfa0 elementor-widget elementor-widget-spacer\" data-id=\"088dfa0\" data-element_type=\"widget\" data-e-type=\"widget\" data-widget_type=\"spacer.default\">\n\t\t\t\t<div class=\"elementor-widget-container\">\n\t\t\t\t\t\t\t<div class=\"elementor-spacer\">\n\t\t\t<div class=\"elementor-spacer-inner\"><\/div>\n\t\t<\/div>\n\t\t\t\t\t\t<\/div>\n\t\t\t\t<\/div>\n\t\t\t\t\t<\/div>\n\t\t\t\t<\/div>\n\t\t\t\t<\/div>\n\t\t","protected":false},"excerpt":{"rendered":"<p>Besoin d&rsquo;aide ? Afin de b\u00e9n\u00e9ficier d&rsquo;une r\u00e9ponse sur-mesure, merci de renseigner les informations suivantes :\u00a0 [wpforms id=\u00a0\u00bb106&Prime;]<\/p>\n","protected":false},"author":1,"featured_media":0,"parent":0,"menu_order":0,"comment_status":"closed","ping_status":"closed","template":"","meta":{"footnotes":""},"class_list":["post-83","page","type-page","status-publish","hentry"],"aioseo_notices":[],"jetpack_sharing_enabled":true,"_links":{"self":[{"href":"https:\/\/nelixirgroup.com\/index.php\/wp-json\/wp\/v2\/pages\/83"}],"collection":[{"href":"https:\/\/nelixirgroup.com\/index.php\/wp-json\/wp\/v2\/pages"}],"about":[{"href":"https:\/\/nelixirgroup.com\/index.php\/wp-json\/wp\/v2\/types\/page"}],"author":[{"embeddable":true,"href":"https:\/\/nelixirgroup.com\/index.php\/wp-json\/wp\/v2\/users\/1"}],"replies":[{"embeddable":true,"href":"https:\/\/nelixirgroup.com\/index.php\/wp-json\/wp\/v2\/comments?post=83"}],"version-history":[{"count":65,"href":"https:\/\/nelixirgroup.com\/index.php\/wp-json\/wp\/v2\/pages\/83\/revisions"}],"predecessor-version":[{"id":1448,"href":"https:\/\/nelixirgroup.com\/index.php\/wp-json\/wp\/v2\/pages\/83\/revisions\/1448"}],"wp:attachment":[{"href":"https:\/\/nelixirgroup.com\/index.php\/wp-json\/wp\/v2\/media?parent=83"}],"curies":[{"name":"wp","href":"https:\/\/api.w.org\/{rel}","templated":true}]}}