{"id":1170,"date":"2024-10-03T12:23:11","date_gmt":"2024-10-03T10:23:11","guid":{"rendered":"https:\/\/nelixirgroup.com\/?post_type=product&#038;p=1170"},"modified":"2024-10-03T13:34:35","modified_gmt":"2024-10-03T11:34:35","slug":"pack-recharges","status":"publish","type":"product","link":"https:\/\/nelixirgroup.com\/index.php\/product\/pack-recharges\/","title":{"rendered":"PACK RECHARGES"},"content":{"rendered":"\t\t<div data-elementor-type=\"wp-post\" data-elementor-id=\"1170\" class=\"elementor elementor-1170\">\n\t\t\t\t<div class=\"elementor-element elementor-element-1c7e118a e-flex e-con-boxed e-con e-parent\" data-id=\"1c7e118a\" data-element_type=\"container\" data-e-type=\"container\">\n\t\t\t\t\t<div class=\"e-con-inner\">\n\t\t\t\t<div class=\"elementor-element elementor-element-7f770f05 elementor-widget elementor-widget-text-editor\" data-id=\"7f770f05\" data-element_type=\"widget\" data-e-type=\"widget\" data-widget_type=\"text-editor.default\">\n\t\t\t\t<div class=\"elementor-widget-container\">\n\t\t\t\t\t\t\t\t\t<h2><span style=\"font-size: 16px;\">Ce pack est compos\u00e9 de :<\/span><\/h2><div dir=\"ltr\"><div>&#8211; 80 grammes de Jardin d&rsquo;Afrique, une infusion fruit\u00e9e sans th\u00e9ine. Grace \u00e0 ses notes d\u2019agrumes acidul\u00e9es, des ar\u00f4mes sucr\u00e9s de baies ou m\u00eame une touche exotique de fruits tropicaux, l\u2019infusion fruit\u00e9e offre une boisson pleine de vitamines et de go\u00fbt.<\/div><div>&#8211; 80 grammes de\u00a0\u00a0Mojito gingembre, d\u00e9licieusement \u00e9pic\u00e9 et r\u00e9confortant. Gingembre, citron, menthe&#8230; un v\u00e9ritable cocktail de saveurs.<\/div><div>&#8211; 70 grammes de\u00a0Safari: Matcha, Moringa, le combo parfait pour un plein de vitamines.<\/div><\/div><div>&#8211; 80 grammes de Rooibos Lover pour les amoureux de Rooibos. Sans th\u00e9ine. Amande, cannelle, clous de girofle&#8230; une explosion de saveurs.<\/div><div>\u00a0<\/div><div>\u00a0<\/div><div><u>Ingr\u00e9dients <\/u>:<\/div><div>\u00a0<\/div><div><span style=\"font-style: italic;\"><strong>SAFARI <\/strong>: <\/span><span style=\"font-style: italic;\">Th\u00e9 vert, feuilles de moringa, th\u00e9 vert Matcha, herbe de bl\u00e9, racine de maca, graines de chia, spiruline.<\/span><\/div><div>\u00a0<\/div><div><span style=\"font-style: italic;\"><strong>JARDIN D&rsquo;AFRIQUE <\/strong>: <\/span><span style=\"font-style: italic;\">Hibiscus, ananas, mangue, sucre, pomme, raisin et son huile v\u00e9g\u00e9tale, carotte, papaye, betterave rouge, ar\u00f4me naturel, citron, kiwi, p\u00e9tales de rose.<\/span><\/div><div>\u00a0<\/div><div><em><span style=\"color: #000000;\"><strong>MOJITO GINGEMBRE<\/strong><\/span> <\/em><span style=\"color: #000000; font-style: italic;\">: <\/span><span style=\"color: #000000; font-style: italic;\">Rooibos Super Grade, pomme, ar\u00f4me naturel, amande, b\u00e2tons de cannelle, noisette, clou de girofle, gingembre, sucre de canne, noix.<\/span><\/div><div><div>\u00a0<\/div><div><strong><em>ROOIBIS LOVER<\/em><\/strong> : <span style=\"color: #000000;\">Rooibos Super Grade, apple, natural flavour, almond,<\/span>\u00a0cinnamon sticks,\u00a0hazelnut,\u00a0cloves, ginger,\u00a0cane sugar,\u00a0nuts.<\/div><\/div><div class=\"elementor elementor-55\" data-elementor-type=\"wp-post\" data-elementor-id=\"55\"><div class=\"elementor-element elementor-element-6c21e493 e-flex e-con-boxed e-con e-parent e-lazyloaded\" data-id=\"6c21e493\" data-element_type=\"container\"><div class=\"e-con-inner\"><div class=\"elementor-element elementor-element-d930acd elementor-widget elementor-widget-text-editor\" data-id=\"d930acd\" data-element_type=\"widget\" data-widget_type=\"text-editor.default\"><div class=\"elementor-widget-container\"><div>\u00a0<\/div><\/div><\/div><\/div><\/div><\/div>\t\t\t\t\t\t\t\t<\/div>\n\t\t\t\t<\/div>\n\t\t\t\t\t<\/div>\n\t\t\t\t<\/div>\n\t\t\t\t<\/div>\n\t\t","protected":false},"excerpt":{"rendered":"<p>Faites durer le plaisir avec le pack recharge : Jardin d&rsquo;Afrique, Mojito Gingembre, Rooibos lover et Safari.<\/p>\n","protected":false},"featured_media":1137,"comment_status":"open","ping_status":"closed","template":"","meta":[],"product_brand":[],"product_cat":[21],"product_tag":[],"class_list":{"0":"post-1170","1":"product","2":"type-product","3":"status-publish","4":"has-post-thumbnail","6":"product_cat-thes-et-infusions","8":"first","9":"instock","10":"taxable","11":"shipping-taxable","12":"purchasable","13":"product-type-simple"},"aioseo_notices":[],"jetpack_sharing_enabled":true,"_links":{"self":[{"href":"https:\/\/nelixirgroup.com\/index.php\/wp-json\/wp\/v2\/product\/1170"}],"collection":[{"href":"https:\/\/nelixirgroup.com\/index.php\/wp-json\/wp\/v2\/product"}],"about":[{"href":"https:\/\/nelixirgroup.com\/index.php\/wp-json\/wp\/v2\/types\/product"}],"replies":[{"embeddable":true,"href":"https:\/\/nelixirgroup.com\/index.php\/wp-json\/wp\/v2\/comments?post=1170"}],"version-history":[{"count":23,"href":"https:\/\/nelixirgroup.com\/index.php\/wp-json\/wp\/v2\/product\/1170\/revisions"}],"predecessor-version":[{"id":1232,"href":"https:\/\/nelixirgroup.com\/index.php\/wp-json\/wp\/v2\/product\/1170\/revisions\/1232"}],"wp:featuredmedia":[{"embeddable":true,"href":"https:\/\/nelixirgroup.com\/index.php\/wp-json\/wp\/v2\/media\/1137"}],"wp:attachment":[{"href":"https:\/\/nelixirgroup.com\/index.php\/wp-json\/wp\/v2\/media?parent=1170"}],"wp:term":[{"taxonomy":"product_brand","embeddable":true,"href":"https:\/\/nelixirgroup.com\/index.php\/wp-json\/wp\/v2\/product_brand?post=1170"},{"taxonomy":"product_cat","embeddable":true,"href":"https:\/\/nelixirgroup.com\/index.php\/wp-json\/wp\/v2\/product_cat?post=1170"},{"taxonomy":"product_tag","embeddable":true,"href":"https:\/\/nelixirgroup.com\/index.php\/wp-json\/wp\/v2\/product_tag?post=1170"}],"curies":[{"name":"wp","href":"https:\/\/api.w.org\/{rel}","templated":true}]}}