{"id":1190,"date":"2024-10-03T12:54:38","date_gmt":"2024-10-03T10:54:38","guid":{"rendered":"https:\/\/nelixirgroup.com\/?post_type=product&#038;p=1190"},"modified":"2024-10-03T13:24:37","modified_gmt":"2024-10-03T11:24:37","slug":"coffret","status":"publish","type":"product","link":"https:\/\/nelixirgroup.com\/index.php\/product\/coffret\/","title":{"rendered":"COFFRET"},"content":{"rendered":"\t\t<div data-elementor-type=\"wp-post\" data-elementor-id=\"1190\" class=\"elementor elementor-1190\">\n\t\t\t\t<div class=\"elementor-element elementor-element-790ea8ff e-flex e-con-boxed e-con e-parent\" data-id=\"790ea8ff\" data-element_type=\"container\" data-e-type=\"container\">\n\t\t\t\t\t<div class=\"e-con-inner\">\n\t\t\t\t<div class=\"elementor-element elementor-element-284bcf6f elementor-widget elementor-widget-text-editor\" data-id=\"284bcf6f\" data-element_type=\"widget\" data-e-type=\"widget\" data-widget_type=\"text-editor.default\">\n\t\t\t\t<div class=\"elementor-widget-container\">\n\t\t\t\t\t\t\t\t\t<div dir=\"ltr\"><div>A vous offrir ou \u00e0 offrir, ce coffret est pour les amateurs de th\u00e9s et infusions. D\u00e9couvrez les 5 recettes de ce coffret: Jardin d&rsquo;Afrique, Mojito gingembre, Rooibos lover et Safari.<\/div><\/div><div>\u00a0<\/div><div>Ce coffret est compos\u00e9 de:<\/div><div dir=\"ltr\"><div>&#8211; 35 grammes de Jardin d&rsquo;Afrique, une infusion fruit\u00e9e sans th\u00e9ine. Grace \u00e0 ses notes d\u2019agrumes acidul\u00e9es, des ar\u00f4mes sucr\u00e9s de baies ou m\u00eame une touche exotique de fruits tropicaux, l\u2019infusion fruit\u00e9e offre une boisson pleine de vitamines et de go\u00fbt.<\/div><div>&#8211; 35 grammes de\u00a0\u00a0Mojito gingembre, d\u00e9licieusement \u00e9pic\u00e9 et r\u00e9confortant. Gingembre, citron, menthe&#8230; un v\u00e9ritable cocktail de saveurs.<\/div><div>&#8211; 30 grammes de\u00a0Safari: Matcha, Moringa, le combo parfait pour un plein de vitamines.<\/div><\/div><div>&#8211; 35 grammes de Rooibos Lover pour les amoureux de Rooibos. Sans th\u00e9ine. Amande, cannelle, clous de girofle&#8230; une explosion de saveurs.<\/div><div>\u00a0<\/div><div>\u00a0<\/div><div><u>Ingr\u00e9dients <\/u>:<\/div><div dir=\"ltr\"><div>\u00a0<\/div><div>SAFARI : Th\u00e9 vert, feuilles de moringa, th\u00e9 vert Matcha, herbe de bl\u00e9, racine de maca, graines de chia, spiruline.<\/div><div>\u00a0<\/div><div>JARDIN D&rsquo;AFRIQUE : Hibiscus, ananas, mangue, sucre, pomme, raisin et son huile v\u00e9g\u00e9tale, carotte, papaye, betterave rouge, ar\u00f4me naturel, citron, kiwi, p\u00e9tales de rose.<\/div><div>\u00a0<\/div><div><span style=\"color: #000000;\">MOJITO GINGEMBRE : <\/span><span style=\"color: #000000;\">Rooibos Super Grade, pomme, ar\u00f4me naturel, amande, b\u00e2tons de cannelle, noisette, clou de girofle, gingembre, sucre de canne, noix.<\/span><\/div><\/div><div>\u00a0<\/div><div>ROOIBIS LOVER : <span style=\"color: #000000;\">Rooibos Super Grade, apple, natural flavour, almond,\u00a0cinnamon sticks,\u00a0hazelnut,\u00a0cloves, ginger,\u00a0cane sugar, nuts.\u00a0<\/span><\/div><div>\u00a0<\/div>\t\t\t\t\t\t\t\t<\/div>\n\t\t\t\t<\/div>\n\t\t\t\t\t<\/div>\n\t\t\t\t<\/div>\n\t\t\t\t<\/div>\n\t\t","protected":false},"excerpt":{"rendered":"<p>Coffret de 5 recettes de th\u00e9s et infusions \u00e0 d\u00e9couvrir absolument.<\/p>\n","protected":false},"featured_media":1210,"comment_status":"open","ping_status":"closed","template":"","meta":[],"product_brand":[],"product_cat":[21],"product_tag":[],"class_list":{"0":"post-1190","1":"product","2":"type-product","3":"status-publish","4":"has-post-thumbnail","6":"product_cat-thes-et-infusions","8":"first","9":"instock","10":"taxable","11":"shipping-taxable","12":"purchasable","13":"product-type-simple"},"aioseo_notices":[],"jetpack_sharing_enabled":true,"_links":{"self":[{"href":"https:\/\/nelixirgroup.com\/index.php\/wp-json\/wp\/v2\/product\/1190"}],"collection":[{"href":"https:\/\/nelixirgroup.com\/index.php\/wp-json\/wp\/v2\/product"}],"about":[{"href":"https:\/\/nelixirgroup.com\/index.php\/wp-json\/wp\/v2\/types\/product"}],"replies":[{"embeddable":true,"href":"https:\/\/nelixirgroup.com\/index.php\/wp-json\/wp\/v2\/comments?post=1190"}],"version-history":[{"count":9,"href":"https:\/\/nelixirgroup.com\/index.php\/wp-json\/wp\/v2\/product\/1190\/revisions"}],"predecessor-version":[{"id":1201,"href":"https:\/\/nelixirgroup.com\/index.php\/wp-json\/wp\/v2\/product\/1190\/revisions\/1201"}],"wp:featuredmedia":[{"embeddable":true,"href":"https:\/\/nelixirgroup.com\/index.php\/wp-json\/wp\/v2\/media\/1210"}],"wp:attachment":[{"href":"https:\/\/nelixirgroup.com\/index.php\/wp-json\/wp\/v2\/media?parent=1190"}],"wp:term":[{"taxonomy":"product_brand","embeddable":true,"href":"https:\/\/nelixirgroup.com\/index.php\/wp-json\/wp\/v2\/product_brand?post=1190"},{"taxonomy":"product_cat","embeddable":true,"href":"https:\/\/nelixirgroup.com\/index.php\/wp-json\/wp\/v2\/product_cat?post=1190"},{"taxonomy":"product_tag","embeddable":true,"href":"https:\/\/nelixirgroup.com\/index.php\/wp-json\/wp\/v2\/product_tag?post=1190"}],"curies":[{"name":"wp","href":"https:\/\/api.w.org\/{rel}","templated":true}]}}