{"id":1530,"date":"2025-02-17T16:51:40","date_gmt":"2025-02-17T15:51:40","guid":{"rendered":"https:\/\/nelixirgroup.com\/?post_type=product&#038;p=1530"},"modified":"2025-02-17T16:51:40","modified_gmt":"2025-02-17T15:51:40","slug":"hibis-white-2","status":"publish","type":"product","link":"https:\/\/nelixirgroup.com\/index.php\/product\/hibis-white-2\/","title":{"rendered":"HIBIS WHITE"},"content":{"rendered":"<p>Le hibiscus blanc est une vari\u00e9t\u00e9 de fleur exquise qui se distingue par sa beaut\u00e9 \u00e9clatante et sa puret\u00e9. Ses grandes fleurs d&rsquo;un blanc \u00e9clatant contrastent magnifiquement avec son feuillage vert fonc\u00e9, ce qui en fait une plante tr\u00e8s attrayante pour les jardins et les espaces ext\u00e9rieurs. L&rsquo; hibiscus blanc d\u00e9gage \u00e9galement un parfum doux et agr\u00e9able qui ajoute une dimension olfactive \u00e0 son charme. M\u00e9langer avec l&rsquo;ananas, le go\u00fbt est juste incroyable.<\/p>\n","protected":false},"excerpt":{"rendered":"<p>D\u00e9couvrez cette savoureuse boisson \u00e0 base de gingembre doux et d&rsquo;ananas. Un m\u00e9lange unique et exquis et justement dos\u00e9 qui ravit les papilles<strong>.<\/strong><\/p>\n","protected":false},"featured_media":1511,"comment_status":"open","ping_status":"closed","template":"","meta":[],"product_brand":[],"product_cat":[22],"product_tag":[],"class_list":{"0":"post-1530","1":"product","2":"type-product","3":"status-publish","4":"has-post-thumbnail","6":"product_cat-boissons","8":"first","9":"instock","10":"taxable","11":"shipping-taxable","12":"purchasable","13":"product-type-simple"},"aioseo_notices":[],"jetpack_sharing_enabled":true,"_links":{"self":[{"href":"https:\/\/nelixirgroup.com\/index.php\/wp-json\/wp\/v2\/product\/1530"}],"collection":[{"href":"https:\/\/nelixirgroup.com\/index.php\/wp-json\/wp\/v2\/product"}],"about":[{"href":"https:\/\/nelixirgroup.com\/index.php\/wp-json\/wp\/v2\/types\/product"}],"replies":[{"embeddable":true,"href":"https:\/\/nelixirgroup.com\/index.php\/wp-json\/wp\/v2\/comments?post=1530"}],"version-history":[{"count":1,"href":"https:\/\/nelixirgroup.com\/index.php\/wp-json\/wp\/v2\/product\/1530\/revisions"}],"predecessor-version":[{"id":1531,"href":"https:\/\/nelixirgroup.com\/index.php\/wp-json\/wp\/v2\/product\/1530\/revisions\/1531"}],"wp:featuredmedia":[{"embeddable":true,"href":"https:\/\/nelixirgroup.com\/index.php\/wp-json\/wp\/v2\/media\/1511"}],"wp:attachment":[{"href":"https:\/\/nelixirgroup.com\/index.php\/wp-json\/wp\/v2\/media?parent=1530"}],"wp:term":[{"taxonomy":"product_brand","embeddable":true,"href":"https:\/\/nelixirgroup.com\/index.php\/wp-json\/wp\/v2\/product_brand?post=1530"},{"taxonomy":"product_cat","embeddable":true,"href":"https:\/\/nelixirgroup.com\/index.php\/wp-json\/wp\/v2\/product_cat?post=1530"},{"taxonomy":"product_tag","embeddable":true,"href":"https:\/\/nelixirgroup.com\/index.php\/wp-json\/wp\/v2\/product_tag?post=1530"}],"curies":[{"name":"wp","href":"https:\/\/api.w.org\/{rel}","templated":true}]}}