{"id":1571,"date":"2025-03-10T23:12:42","date_gmt":"2025-03-10T22:12:42","guid":{"rendered":"https:\/\/nelixirgroup.com\/?post_type=product&#038;p=1571"},"modified":"2025-03-10T23:25:12","modified_gmt":"2025-03-10T22:25:12","slug":"pack-degustation","status":"publish","type":"product","link":"https:\/\/nelixirgroup.com\/index.php\/product\/pack-degustation\/","title":{"rendered":"Pack d\u00e9gustation"},"content":{"rendered":"<p>D\u00e9couvrez le pack \u00ab\u00a0D\u00e9gustation\u00a0\u00bb et laissez-vous emporter par un voyage de saveurs qui \u00e9veillera vos papilles. Ce coffret comprend trois d\u00e9licieuses vari\u00e9t\u00e9s de th\u00e9 : Safari, Mojito Gingembre et Ch\u00e9rie Coco.<\/p>\n","protected":false},"excerpt":{"rendered":"<p>D\u00e9couvrez le pack \u00ab\u00a0D\u00e9gustation\u00a0\u00bb et laissez-vous emporter par un voyage de saveurs qui \u00e9veillera vos papilles. Ce coffret comprend trois d\u00e9licieuses vari\u00e9t\u00e9s de th\u00e9 : Safari, Mojito Gingembre et Ch\u00e9rie Coco.<\/p>\n","protected":false},"featured_media":1525,"comment_status":"open","ping_status":"closed","template":"","meta":[],"product_brand":[],"product_cat":[35,21],"product_tag":[],"class_list":{"0":"post-1571","1":"product","2":"type-product","3":"status-publish","4":"has-post-thumbnail","6":"product_cat-pack-thes-et-infusions","7":"product_cat-thes-et-infusions","9":"first","10":"instock","11":"taxable","12":"shipping-taxable","13":"purchasable","14":"product-type-simple"},"aioseo_notices":[],"jetpack_sharing_enabled":true,"_links":{"self":[{"href":"https:\/\/nelixirgroup.com\/index.php\/wp-json\/wp\/v2\/product\/1571"}],"collection":[{"href":"https:\/\/nelixirgroup.com\/index.php\/wp-json\/wp\/v2\/product"}],"about":[{"href":"https:\/\/nelixirgroup.com\/index.php\/wp-json\/wp\/v2\/types\/product"}],"replies":[{"embeddable":true,"href":"https:\/\/nelixirgroup.com\/index.php\/wp-json\/wp\/v2\/comments?post=1571"}],"version-history":[{"count":1,"href":"https:\/\/nelixirgroup.com\/index.php\/wp-json\/wp\/v2\/product\/1571\/revisions"}],"predecessor-version":[{"id":1572,"href":"https:\/\/nelixirgroup.com\/index.php\/wp-json\/wp\/v2\/product\/1571\/revisions\/1572"}],"wp:featuredmedia":[{"embeddable":true,"href":"https:\/\/nelixirgroup.com\/index.php\/wp-json\/wp\/v2\/media\/1525"}],"wp:attachment":[{"href":"https:\/\/nelixirgroup.com\/index.php\/wp-json\/wp\/v2\/media?parent=1571"}],"wp:term":[{"taxonomy":"product_brand","embeddable":true,"href":"https:\/\/nelixirgroup.com\/index.php\/wp-json\/wp\/v2\/product_brand?post=1571"},{"taxonomy":"product_cat","embeddable":true,"href":"https:\/\/nelixirgroup.com\/index.php\/wp-json\/wp\/v2\/product_cat?post=1571"},{"taxonomy":"product_tag","embeddable":true,"href":"https:\/\/nelixirgroup.com\/index.php\/wp-json\/wp\/v2\/product_tag?post=1571"}],"curies":[{"name":"wp","href":"https:\/\/api.w.org\/{rel}","templated":true}]}}