{"id":1573,"date":"2025-03-10T23:24:31","date_gmt":"2025-03-10T22:24:31","guid":{"rendered":"https:\/\/nelixirgroup.com\/?post_type=product&#038;p=1573"},"modified":"2025-03-10T23:24:31","modified_gmt":"2025-03-10T22:24:31","slug":"pack-evasion","status":"publish","type":"product","link":"https:\/\/nelixirgroup.com\/index.php\/product\/pack-evasion\/","title":{"rendered":"Pack \u00e9vasion"},"content":{"rendered":"<p>D\u00e9couvrez le pack \u00ab\u00a0Evasion\u00a0\u00bb qui vous permettra de b\u00e9n\u00e9ficier de vos th\u00e9s pr\u00e9f\u00e9r\u00e9s sous forme de recharges pour ne pas en manquer. Ce pack comprends : Mojito, Ch\u00e9rie coco et Jardin d&rsquo;Afrique.<\/p>\n","protected":false},"excerpt":{"rendered":"<p>D\u00e9couvrez le pack \u00ab\u00a0Evasion\u00a0\u00bb qui vous permettra de b\u00e9n\u00e9ficier de vos th\u00e9s pr\u00e9f\u00e9r\u00e9s sous forme de recharges pour ne pas en manquer. Ce pack comprends : Mojito, Ch\u00e9rie coco et Jardin d&rsquo;Afrique.<\/p>\n","protected":false},"featured_media":1527,"comment_status":"open","ping_status":"closed","template":"","meta":[],"product_brand":[],"product_cat":[35,21],"product_tag":[],"class_list":{"0":"post-1573","1":"product","2":"type-product","3":"status-publish","4":"has-post-thumbnail","6":"product_cat-pack-thes-et-infusions","7":"product_cat-thes-et-infusions","9":"first","10":"instock","11":"taxable","12":"shipping-taxable","13":"purchasable","14":"product-type-simple"},"aioseo_notices":[],"jetpack_sharing_enabled":true,"_links":{"self":[{"href":"https:\/\/nelixirgroup.com\/index.php\/wp-json\/wp\/v2\/product\/1573"}],"collection":[{"href":"https:\/\/nelixirgroup.com\/index.php\/wp-json\/wp\/v2\/product"}],"about":[{"href":"https:\/\/nelixirgroup.com\/index.php\/wp-json\/wp\/v2\/types\/product"}],"replies":[{"embeddable":true,"href":"https:\/\/nelixirgroup.com\/index.php\/wp-json\/wp\/v2\/comments?post=1573"}],"version-history":[{"count":1,"href":"https:\/\/nelixirgroup.com\/index.php\/wp-json\/wp\/v2\/product\/1573\/revisions"}],"predecessor-version":[{"id":1574,"href":"https:\/\/nelixirgroup.com\/index.php\/wp-json\/wp\/v2\/product\/1573\/revisions\/1574"}],"wp:featuredmedia":[{"embeddable":true,"href":"https:\/\/nelixirgroup.com\/index.php\/wp-json\/wp\/v2\/media\/1527"}],"wp:attachment":[{"href":"https:\/\/nelixirgroup.com\/index.php\/wp-json\/wp\/v2\/media?parent=1573"}],"wp:term":[{"taxonomy":"product_brand","embeddable":true,"href":"https:\/\/nelixirgroup.com\/index.php\/wp-json\/wp\/v2\/product_brand?post=1573"},{"taxonomy":"product_cat","embeddable":true,"href":"https:\/\/nelixirgroup.com\/index.php\/wp-json\/wp\/v2\/product_cat?post=1573"},{"taxonomy":"product_tag","embeddable":true,"href":"https:\/\/nelixirgroup.com\/index.php\/wp-json\/wp\/v2\/product_tag?post=1573"}],"curies":[{"name":"wp","href":"https:\/\/api.w.org\/{rel}","templated":true}]}}