{"id":55,"date":"2024-02-01T15:52:15","date_gmt":"2024-02-01T14:52:15","guid":{"rendered":"https:\/\/nelixirgroup.com\/?post_type=product&#038;p=55"},"modified":"2025-02-17T17:04:43","modified_gmt":"2025-02-17T16:04:43","slug":"safari","status":"publish","type":"product","link":"https:\/\/nelixirgroup.com\/index.php\/product\/safari\/","title":{"rendered":"SAFARI"},"content":{"rendered":"\t\t<div data-elementor-type=\"wp-post\" data-elementor-id=\"55\" class=\"elementor elementor-55\">\n\t\t\t\t<div class=\"elementor-element elementor-element-6c21e493 e-flex e-con-boxed e-con e-parent\" data-id=\"6c21e493\" data-element_type=\"container\" data-e-type=\"container\">\n\t\t\t\t\t<div class=\"e-con-inner\">\n\t\t\t\t<div class=\"elementor-element elementor-element-d930acd elementor-widget elementor-widget-text-editor\" data-id=\"d930acd\" data-element_type=\"widget\" data-e-type=\"widget\" data-widget_type=\"text-editor.default\">\n\t\t\t\t<div class=\"elementor-widget-container\">\n\t\t\t\t\t\t\t\t\t<p>Le matcha est une poudre de th\u00e9 vert japonais de haute qualit\u00e9, utilis\u00e9e traditionnellement dans la c\u00e9r\u00e9monie du th\u00e9. Cette poudre fine et vibrante est obtenue en broyant les feuilles enti\u00e8res du th\u00e9 vert. Le matcha offre une saveur intense, l\u00e9g\u00e8rement am\u00e8re et riche en nutriments b\u00e9n\u00e9fiques pour la sant\u00e9. Il contient naturellement des antioxydants, des vitamines et des min\u00e9raux, ce qui en fait une boisson saine et \u00e9nergisante. Le matcha est appr\u00e9ci\u00e9 pour sa douceur \u00e9quilibr\u00e9e et son ar\u00f4me herbac\u00e9 unique.<\/p><p>Les feuilles de moringa sont r\u00e9put\u00e9es pour leurs nombreux bienfaits pour la sant\u00e9. Elles sont riches en nutriments essentiels tels que les vitamines, les min\u00e9raux et les antioxydants. Ces feuilles sont souvent consomm\u00e9es sous forme de poudre ou infus\u00e9es dans de l&rsquo;eau chaude pour en faire une tisane nourrissante. Le moringa est \u00e9galement connu pour ses propri\u00e9t\u00e9s anti-inflammatoires et ses effets b\u00e9n\u00e9fiques sur le syst\u00e8me immunitaire. En plus de cela, il est souvent utilis\u00e9 pour stimuler la digestion et soulager les probl\u00e8mes gastro-intestinaux. Les feuilles de moringa sont un excellent compl\u00e9ment alimentaire naturel, offrant une multitude d&rsquo;avantages pour la sant\u00e9.<\/p><div><u>Ingr\u00e9dients<\/u>:<\/div><div>Th\u00e9 vert, feuilles de moringa, th\u00e9 vert Matcha, herbe de bl\u00e9, racine de maca, graines de chia, spiruline<\/div><div>\u00a0<\/div><div><u style=\"color: #000000;\">Comment savourer votre infusion ?<\/u><\/div><div><div>\u00a0<\/div><\/div><div><table style=\"height: 223px;\" border=\"1\" width=\"397\" cellspacing=\"0\" cellpadding=\"4\"><tbody><tr><td valign=\"TOP\" width=\"163\" height=\"114\"><img decoding=\"async\" class=\"aligncenter\" src=\"https:\/\/www.kusmitea.com\/on\/demandware.static\/Sites-Kusmi_FR-Site\/-\/default\/dwac539390\/images\/svg\/icon-time-compass.svg\" width=\"43\" height=\"48\" \/><\/td><td width=\"245\">Temp\u00e9rature d&rsquo;infusion 80 \u00b0C<\/td><\/tr><tr><td valign=\"TOP\" width=\"163\"><img decoding=\"async\" class=\"aligncenter\" src=\"https:\/\/www.kusmitea.com\/on\/demandware.static\/Sites-Kusmi_FR-Site\/-\/default\/dw778701c0\/images\/svg\/icon-temp.svg\" width=\"62\" height=\"62\" \/><\/td><td width=\"245\">\u00a0Temps d&rsquo;infusion 2-3&prime;<\/td><\/tr><\/tbody><\/table><\/div>\t\t\t\t\t\t\t\t<\/div>\n\t\t\t\t<\/div>\n\t\t\t\t\t<\/div>\n\t\t\t\t<\/div>\n\t\t\t\t<\/div>\n\t\t","protected":false},"excerpt":{"rendered":"<p>Ce savoureux m\u00e9lange de feuilles de moringa, th\u00e9 matcha et th\u00e9 vert contient milles et une vertus qui ravissent les papilles.<\/p>\n","protected":false},"featured_media":1513,"comment_status":"open","ping_status":"closed","template":"","meta":[],"product_brand":[],"product_cat":[21],"product_tag":[],"class_list":{"0":"post-55","1":"product","2":"type-product","3":"status-publish","4":"has-post-thumbnail","6":"product_cat-thes-et-infusions","8":"first","9":"instock","10":"taxable","11":"shipping-taxable","12":"purchasable","13":"product-type-variable"},"aioseo_notices":[],"jetpack_sharing_enabled":true,"_links":{"self":[{"href":"https:\/\/nelixirgroup.com\/index.php\/wp-json\/wp\/v2\/product\/55"}],"collection":[{"href":"https:\/\/nelixirgroup.com\/index.php\/wp-json\/wp\/v2\/product"}],"about":[{"href":"https:\/\/nelixirgroup.com\/index.php\/wp-json\/wp\/v2\/types\/product"}],"replies":[{"embeddable":true,"href":"https:\/\/nelixirgroup.com\/index.php\/wp-json\/wp\/v2\/comments?post=55"}],"version-history":[{"count":12,"href":"https:\/\/nelixirgroup.com\/index.php\/wp-json\/wp\/v2\/product\/55\/revisions"}],"predecessor-version":[{"id":1245,"href":"https:\/\/nelixirgroup.com\/index.php\/wp-json\/wp\/v2\/product\/55\/revisions\/1245"}],"wp:featuredmedia":[{"embeddable":true,"href":"https:\/\/nelixirgroup.com\/index.php\/wp-json\/wp\/v2\/media\/1513"}],"wp:attachment":[{"href":"https:\/\/nelixirgroup.com\/index.php\/wp-json\/wp\/v2\/media?parent=55"}],"wp:term":[{"taxonomy":"product_brand","embeddable":true,"href":"https:\/\/nelixirgroup.com\/index.php\/wp-json\/wp\/v2\/product_brand?post=55"},{"taxonomy":"product_cat","embeddable":true,"href":"https:\/\/nelixirgroup.com\/index.php\/wp-json\/wp\/v2\/product_cat?post=55"},{"taxonomy":"product_tag","embeddable":true,"href":"https:\/\/nelixirgroup.com\/index.php\/wp-json\/wp\/v2\/product_tag?post=55"}],"curies":[{"name":"wp","href":"https:\/\/api.w.org\/{rel}","templated":true}]}}