{"id":57,"date":"2024-02-01T16:01:06","date_gmt":"2024-02-01T15:01:06","guid":{"rendered":"https:\/\/nelixirgroup.com\/?post_type=product&#038;p=57"},"modified":"2025-02-17T17:03:40","modified_gmt":"2025-02-17T16:03:40","slug":"mojito-ginger","status":"publish","type":"product","link":"https:\/\/nelixirgroup.com\/index.php\/product\/mojito-ginger\/","title":{"rendered":"MOJITO GINGER"},"content":{"rendered":"\t\t<div data-elementor-type=\"wp-post\" data-elementor-id=\"57\" class=\"elementor elementor-57\">\n\t\t\t\t<div class=\"elementor-element elementor-element-5e1a2f99 e-flex e-con-boxed e-con e-parent\" data-id=\"5e1a2f99\" data-element_type=\"container\" data-e-type=\"container\">\n\t\t\t\t\t<div class=\"e-con-inner\">\n\t\t\t\t<div class=\"elementor-element elementor-element-3ad2a269 elementor-widget elementor-widget-text-editor\" data-id=\"3ad2a269\" data-element_type=\"widget\" data-e-type=\"widget\" data-widget_type=\"text-editor.default\">\n\t\t\t\t<div class=\"elementor-widget-container\">\n\t\t\t\t\t\t\t\t\t<p>Ce th\u00e9 au gingembre est une boisson chaude et \u00e9pic\u00e9e qui apporte une sensation de chaleur et de r\u00e9confort. Le gingembre est r\u00e9put\u00e9 pour ses propri\u00e9t\u00e9s stimulantes et ses bienfaits pour la digestion. Infus\u00e9 dans de l&rsquo;eau chaude, il lib\u00e8re son ar\u00f4me \u00e9pic\u00e9 et sa saveur l\u00e9g\u00e8rement piquante. Que ce soit pour se r\u00e9chauffer pendant les jours froids d&rsquo;hiver, pour apaiser l&rsquo;estomac apr\u00e8s un repas copieux ou juste pour le plaisir, le th\u00e9 au gingembre est une boisson polyvalente et d\u00e9licieuse.<\/p><div><u>Ingr\u00e9dients<\/u>:<\/div><div>Th\u00e9 vert, gingembre, menthe, citronnelle, \u00e9corces de citron vert, ar\u00f4me naturel.<\/div><div>\u00a0<\/div><div><u style=\"color: #000000;\">Comment savourer votre infusion ?<\/u><\/div><div><div>\u00a0<\/div><\/div><div><table style=\"height: 223px;\" border=\"1\" width=\"397\" cellspacing=\"0\" cellpadding=\"4\"><tbody><tr><td valign=\"TOP\" width=\"163\" height=\"114\"><img decoding=\"async\" class=\"aligncenter\" src=\"https:\/\/www.kusmitea.com\/on\/demandware.static\/Sites-Kusmi_FR-Site\/-\/default\/dwac539390\/images\/svg\/icon-time-compass.svg\" width=\"43\" height=\"48\" \/><\/td><td width=\"245\">Temp\u00e9rature d&rsquo;infusion 80 \u00b0C<\/td><\/tr><tr><td valign=\"TOP\" width=\"163\"><img decoding=\"async\" class=\"aligncenter\" src=\"https:\/\/www.kusmitea.com\/on\/demandware.static\/Sites-Kusmi_FR-Site\/-\/default\/dw778701c0\/images\/svg\/icon-temp.svg\" width=\"62\" height=\"62\" \/><\/td><td width=\"245\">\u00a0Temps d&rsquo;infusion 2-3&prime;<\/td><\/tr><\/tbody><\/table><\/div>\t\t\t\t\t\t\t\t<\/div>\n\t\t\t\t<\/div>\n\t\t\t\t\t<\/div>\n\t\t\t\t<\/div>\n\t\t\t\t<\/div>\n\t\t","protected":false},"excerpt":{"rendered":"<p>Compos\u00e9 de th\u00e9 vert, de menthe, de citron et de morceaux de gingembre.\u00a0La chaleur d\u2019un cocktail se retrouve dans votre tasse.<\/p>\n","protected":false},"featured_media":1501,"comment_status":"open","ping_status":"closed","template":"","meta":[],"product_brand":[],"product_cat":[21],"product_tag":[],"class_list":{"0":"post-57","1":"product","2":"type-product","3":"status-publish","4":"has-post-thumbnail","6":"product_cat-thes-et-infusions","8":"first","9":"instock","10":"taxable","11":"shipping-taxable","12":"purchasable","13":"product-type-variable"},"aioseo_notices":[],"jetpack_sharing_enabled":true,"_links":{"self":[{"href":"https:\/\/nelixirgroup.com\/index.php\/wp-json\/wp\/v2\/product\/57"}],"collection":[{"href":"https:\/\/nelixirgroup.com\/index.php\/wp-json\/wp\/v2\/product"}],"about":[{"href":"https:\/\/nelixirgroup.com\/index.php\/wp-json\/wp\/v2\/types\/product"}],"replies":[{"embeddable":true,"href":"https:\/\/nelixirgroup.com\/index.php\/wp-json\/wp\/v2\/comments?post=57"}],"version-history":[{"count":14,"href":"https:\/\/nelixirgroup.com\/index.php\/wp-json\/wp\/v2\/product\/57\/revisions"}],"predecessor-version":[{"id":1239,"href":"https:\/\/nelixirgroup.com\/index.php\/wp-json\/wp\/v2\/product\/57\/revisions\/1239"}],"wp:featuredmedia":[{"embeddable":true,"href":"https:\/\/nelixirgroup.com\/index.php\/wp-json\/wp\/v2\/media\/1501"}],"wp:attachment":[{"href":"https:\/\/nelixirgroup.com\/index.php\/wp-json\/wp\/v2\/media?parent=57"}],"wp:term":[{"taxonomy":"product_brand","embeddable":true,"href":"https:\/\/nelixirgroup.com\/index.php\/wp-json\/wp\/v2\/product_brand?post=57"},{"taxonomy":"product_cat","embeddable":true,"href":"https:\/\/nelixirgroup.com\/index.php\/wp-json\/wp\/v2\/product_cat?post=57"},{"taxonomy":"product_tag","embeddable":true,"href":"https:\/\/nelixirgroup.com\/index.php\/wp-json\/wp\/v2\/product_tag?post=57"}],"curies":[{"name":"wp","href":"https:\/\/api.w.org\/{rel}","templated":true}]}}