{"id":67,"date":"2024-02-12T13:12:26","date_gmt":"2024-02-12T12:12:26","guid":{"rendered":"https:\/\/nelixirgroup.com\/?post_type=product&#038;p=67"},"modified":"2025-03-11T22:15:19","modified_gmt":"2025-03-11T21:15:19","slug":"hibiscus","status":"publish","type":"product","link":"https:\/\/nelixirgroup.com\/index.php\/product\/hibiscus\/","title":{"rendered":"BOX BISSAP"},"content":{"rendered":"<p dir=\"ltr\">La box NELIXIR est le kit qui vous permet de r\u00e9aliser vous-m\u00eame les meilleures boissons du monde.<\/p>\n<p dir=\"ltr\">D\u00e9couvrez et faites d\u00e9couvrir, \u00e0 vos convives, vos amis ou encore vos enfants, l\u2019art des meilleurs\u00a0 breuvages d\u2019ici et d\u2019ailleurs avec des mati\u00e8res premi\u00e8res de premier choix.\u00a0Les recettes des box NELIXIR, sont ludiques et simples \u00e0 r\u00e9aliser.<\/p>\n<p dir=\"ltr\">Selon vos go\u00fbts et votre sensibilit\u00e9, vous pouvez ajuster le sucre dans votre boisson.<\/p>\n<p dir=\"ltr\">Le livret de pr\u00e9paration est rempli de richesses.<\/p>\n<ul>\n<li dir=\"ltr\">\n<p dir=\"ltr\" role=\"presentation\">Il vous accompagne pas \u00e0 pas dans l\u2019\u00e9laboration de la recette.<\/p>\n<\/li>\n<li dir=\"ltr\">\n<p dir=\"ltr\" role=\"presentation\">Il vous donne des petits secrets pour une pr\u00e9paration de chef<\/p>\n<\/li>\n<li dir=\"ltr\">\n<p dir=\"ltr\" role=\"presentation\">Il d\u00e9taille les bienfaits nutritifs des aliments de la box. Oui, chez Nelixir on est convaincu que l\u2019on peut se r\u00e9galer sans nuire \u00e0 notre sant\u00e9.<\/p>\n<\/li>\n<\/ul>\n<p dir=\"ltr\">\n<p dir=\"ltr\">Avec La Nelixir box HIBISCUS, r\u00e9alisez facilement votre infusion d\u2019hibiscus et faites voyager vos papilles sur les terres d\u2019Afrique. Nous s\u00e9lectionnons nos produits avec soin afin d&rsquo;allier plaisir gustatif et de b\u00e9n\u00e9ficier des bienfaits de cette d\u00e9licieuse boisson.<\/p>\n<p dir=\"ltr\">Boisson embl\u00e9matique dans plusieurs pays d\u2019Afrique tels que le S\u00e9n\u00e9gal, le Mali, la C\u00f4te d\u2019Ivoire ou encore le Ghana, devenez un expert du bissap gr\u00e2ce \u00e0 la Nelixir Box.<\/p>\n<p dir=\"ltr\">Nelixir Box, \u00e0 vous de jouer !<\/p>\n","protected":false},"excerpt":{"rendered":"<p>R\u00e9aliser vous-m\u00eame des boissons savoureuses , d\u00e9licieuse, embl\u00e9matique d\u2019Afrique de l\u2019ouest.<\/p>\n","protected":false},"featured_media":68,"comment_status":"open","ping_status":"closed","template":"","meta":[],"product_brand":[],"product_cat":[23,15],"product_tag":[],"class_list":{"0":"post-67","1":"product","2":"type-product","3":"status-publish","4":"has-post-thumbnail","6":"product_cat-boxes-diy","7":"product_cat-uncategorized","9":"first","10":"instock","11":"taxable","12":"shipping-taxable","13":"purchasable","14":"product-type-simple"},"aioseo_notices":[],"jetpack_sharing_enabled":true,"_links":{"self":[{"href":"https:\/\/nelixirgroup.com\/index.php\/wp-json\/wp\/v2\/product\/67"}],"collection":[{"href":"https:\/\/nelixirgroup.com\/index.php\/wp-json\/wp\/v2\/product"}],"about":[{"href":"https:\/\/nelixirgroup.com\/index.php\/wp-json\/wp\/v2\/types\/product"}],"replies":[{"embeddable":true,"href":"https:\/\/nelixirgroup.com\/index.php\/wp-json\/wp\/v2\/comments?post=67"}],"version-history":[{"count":4,"href":"https:\/\/nelixirgroup.com\/index.php\/wp-json\/wp\/v2\/product\/67\/revisions"}],"predecessor-version":[{"id":1585,"href":"https:\/\/nelixirgroup.com\/index.php\/wp-json\/wp\/v2\/product\/67\/revisions\/1585"}],"wp:featuredmedia":[{"embeddable":true,"href":"https:\/\/nelixirgroup.com\/index.php\/wp-json\/wp\/v2\/media\/68"}],"wp:attachment":[{"href":"https:\/\/nelixirgroup.com\/index.php\/wp-json\/wp\/v2\/media?parent=67"}],"wp:term":[{"taxonomy":"product_brand","embeddable":true,"href":"https:\/\/nelixirgroup.com\/index.php\/wp-json\/wp\/v2\/product_brand?post=67"},{"taxonomy":"product_cat","embeddable":true,"href":"https:\/\/nelixirgroup.com\/index.php\/wp-json\/wp\/v2\/product_cat?post=67"},{"taxonomy":"product_tag","embeddable":true,"href":"https:\/\/nelixirgroup.com\/index.php\/wp-json\/wp\/v2\/product_tag?post=67"}],"curies":[{"name":"wp","href":"https:\/\/api.w.org\/{rel}","templated":true}]}}